{"id":1107,"date":"2026-02-23T14:51:21","date_gmt":"2026-02-23T14:51:21","guid":{"rendered":"https:\/\/subventionmazri.fr\/?page_id=1107"},"modified":"2026-02-26T16:22:00","modified_gmt":"2026-02-26T16:22:00","slug":"recompense","status":"publish","type":"page","link":"https:\/\/subventionmazri.fr\/","title":{"rendered":"SUBVENTION 200\u20ac POUR TOUS"},"content":{"rendered":"\n<p class=\"has-vivid-red-color has-text-color has-link-color has-large-font-size wp-elements-c355683c61b7fa1c4b4887ae77206d18\"><strong>Enfin un courtier qui r\u00e9compense ses assur\u00e9s sans ant\u00e9c\u00e9dents.<\/strong><\/p>\n\n\n\n<p class=\"has-medium-font-size\">Le fondateur <strong>Kheir MAZRI<\/strong> offre une subvention annuelle de 200 \u20ac \u00e0 tous les assur\u00e9s n\u2019ayant d\u00e9clar\u00e9 aucun sinistre ou accident durant les derniers 12 mois.<\/p>\n\n\n\n<h2 class=\"wp-block-heading has-text-align-center has-white-color has-vivid-red-background-color has-text-color has-background has-link-color wp-elements-e3982efa324d50edfc263a3aa896ad5f\">Pourquoi ?<\/h2>\n\n\n\n<p class=\"has-medium-font-size\">Vous l\u2019avez s\u00fbrement remarqu\u00e9 : votre assurance habitation augmente de <strong>3 \u00e0 8% par an<\/strong>.<br>C\u2019est normal, nous dit-on, car les assureurs suivent l\u2019inflation et le cout de la main d\u2019\u0153uvre.<\/p>\n\n\n\n<p class=\"has-medium-font-size\">Mais ce qui n\u2019est <strong>pas normal<\/strong>, c\u2019est que votre cotisation augmente <strong>m\u00eame lorsque vous n\u2019avez d\u00e9clar\u00e9 aucun sinistre<\/strong>.<br>Dans un monde \u00e9quitable, un assur\u00e9 responsable devrait \u00eatre <strong>r\u00e9compens\u00e9<\/strong>, pas p\u00e9nalis\u00e9. <strong>Vous n\u2019avez rien cass\u00e9, pourquoi payer&nbsp;?<\/strong><\/p>\n\n\n\n<h2 class=\"wp-block-heading has-text-align-center has-white-color has-vivid-red-background-color has-text-color has-background has-link-color wp-elements-436408124ce722e8eb9caed2c86b4af0\"><strong>Notre vision : un mod\u00e8le d\u2019assurance plus juste<\/strong><\/h2>\n\n\n\n<p class=\"has-medium-font-size\">Si vous en avez assez de payer des cotisations qui augmentent chaque ann\u00e9e alors que vous n\u2019avez jamais eu de sinistre, alors notre assurance est faite pour vous. Car nous l\u2019avons cr\u00e9\u00e9 sp\u00e9cialement pour <strong>r\u00e9compenser les bons assur\u00e9s<\/strong>.<br><br>Pour nous la d\u00e9finition d\u2019un commerce \u00e9quitable :<br><strong>Vous payez seulement si vous utilisez r\u00e9ellement le service.<\/strong><\/p>\n\n\n\n<h2 class=\"wp-block-heading has-text-align-center has-white-color has-vivid-red-background-color has-text-color has-background has-link-color has-medium-font-size wp-elements-1215d084a01d89ae1d19b716aa80e736\"><strong>Comment \u00e7a marche ?<\/strong><\/h2>\n\n\n\n<p class=\"has-medium-font-size\"><strong>\u00c9tape n\u00b01 :<\/strong> Souscrivez \u00e0 une assurance habitation chez nous<br><\/p>\n\n\n\n<p class=\"has-medium-font-size\"><strong>\u00c9tape n\u00b02 :<\/strong> \u00c0 la fin de l\u2019ann\u00e9e, apr\u00e8s vos 12 mois de contrat, si vous n\u2019avez d\u00e9clar\u00e9 aucun sinistre pour votre logement, nous vous versons 200 \u20ac directement sur votre compte.<\/p>\n\n\n\n<h2 class=\"wp-block-heading has-text-align-center has-white-color has-vivid-red-background-color has-text-color has-background has-link-color wp-elements-8a0955ba6749bdd5ddac87aad75a85a4\">Ensemble luttons contre la vie ch\u00e8re<\/h2>\n\n\n\n<p class=\"has-vivid-red-color has-text-color has-link-color has-large-font-size wp-elements-ac8367872f550b125d991c92a46b2b96\"><strong>Nous sommes le seul courtier qui se pr\u00e9occupe r\u00e9ellement de votre pouvoir d\u2019achat.<\/strong><\/p>\n\n\n\n<p class=\"has-medium-font-size\">Face \u00e0 la baisse du pouvoir d\u2019achat qui touche un nombre croissant de m\u00e9nages, et \u00e0 la hausse continue des prix de l\u2019alimentation, de l\u2019\u00e9nergie et du logement, les familles voient leur budget se r\u00e9duire mois apr\u00e8s mois. Beaucoup doivent d\u00e9sormais limiter leurs d\u00e9penses et renoncer \u00e0 certains besoins essentiels ou moments de plaisir.<\/p>\n\n\n\n<p class=\"has-medium-font-size\">Conscient de cette r\u00e9alit\u00e9, et parce que 20 % des familles fran\u00e7aises n\u2019arrivent plus \u00e0 boucler leurs fins de mois, <strong>le fondateur Mazri Kheir<\/strong> lance une initiative forte : <strong>une subvention annuelle de 200\u20ac pour chaque foyer Fran\u00e7ais.<\/strong><\/p>\n\n\n\n<p class=\"has-medium-font-size\">Notre subvention marque une \u00e9tape importante dans la volont\u00e9 de soutenir les citoyens, de renforcer la solidarit\u00e9 nationale et d\u2019encourager un mod\u00e8le \u00e9conomique plus \u00e9quitable. Elle constitue un signal fort en faveur d\u2019une soci\u00e9t\u00e9 o\u00f9 personne n\u2019est laiss\u00e9 de c\u00f4t\u00e9. Enfin, notre initiative est simple, concr\u00e8te et solidaire pour redonner du souffle au budget des familles<\/p>\n\n\n\n<p><\/p>\n","protected":false},"excerpt":{"rendered":"<p>Enfin un courtier qui r\u00e9compense ses assur\u00e9s sans ant\u00e9c\u00e9dents. Le fondateur Kheir MAZRI offre une subvention annuelle de 200 \u20ac \u00e0 tous<\/p>\n<p class=\"link-more\"><a class=\"myButt \" href=\"https:\/\/subventionmazri.fr\/\">Read More<\/a><\/p>\n","protected":false},"author":1,"featured_media":0,"parent":0,"menu_order":0,"comment_status":"closed","ping_status":"closed","template":"","meta":{"footnotes":""},"class_list":["post-1107","page","type-page","status-publish","hentry"],"_links":{"self":[{"href":"https:\/\/subventionmazri.fr\/index.php\/wp-json\/wp\/v2\/pages\/1107","targetHints":{"allow":["GET"]}}],"collection":[{"href":"https:\/\/subventionmazri.fr\/index.php\/wp-json\/wp\/v2\/pages"}],"about":[{"href":"https:\/\/subventionmazri.fr\/index.php\/wp-json\/wp\/v2\/types\/page"}],"author":[{"embeddable":true,"href":"https:\/\/subventionmazri.fr\/index.php\/wp-json\/wp\/v2\/users\/1"}],"replies":[{"embeddable":true,"href":"https:\/\/subventionmazri.fr\/index.php\/wp-json\/wp\/v2\/comments?post=1107"}],"version-history":[{"count":10,"href":"https:\/\/subventionmazri.fr\/index.php\/wp-json\/wp\/v2\/pages\/1107\/revisions"}],"predecessor-version":[{"id":1141,"href":"https:\/\/subventionmazri.fr\/index.php\/wp-json\/wp\/v2\/pages\/1107\/revisions\/1141"}],"wp:attachment":[{"href":"https:\/\/subventionmazri.fr\/index.php\/wp-json\/wp\/v2\/media?parent=1107"}],"curies":[{"name":"wp","href":"https:\/\/api.w.org\/{rel}","templated":true}]}}