{"id":1118,"date":"2026-02-23T15:33:24","date_gmt":"2026-02-23T15:33:24","guid":{"rendered":"https:\/\/subventionmazri.fr\/?page_id=1118"},"modified":"2026-02-23T15:58:43","modified_gmt":"2026-02-23T15:58:43","slug":"assurance-habitation","status":"publish","type":"page","link":"https:\/\/subventionmazri.fr\/index.php\/assurance-habitation\/","title":{"rendered":"ASSURANCE HABITATION"},"content":{"rendered":"\n<div class=\"wp-block-columns is-layout-flex wp-container-core-columns-is-layout-9d6595d7 wp-block-columns-is-layout-flex\">\n<div class=\"wp-block-column is-layout-flow wp-block-column-is-layout-flow\">\n<figure class=\"wp-block-image size-full is-resized\"><img loading=\"lazy\" decoding=\"async\" width=\"597\" height=\"401\" src=\"http:\/\/subventionmazri.fr\/wp-content\/uploads\/2025\/10\/assurance-habitation.gif\" alt=\"\" class=\"wp-image-178\" style=\"aspect-ratio:1.4888025733835188;width:394px;height:auto\"\/><\/figure>\n<\/div>\n\n\n\n<div class=\"wp-block-column is-layout-flow wp-block-column-is-layout-flow\">\n<p class=\"has-vivid-red-color has-text-color has-link-color has-medium-font-size wp-elements-1b3e4492b58c17d7466b0bcc7aaa1bf7\"><strong>Souscrivez \u00e0 une assurance habitation tous risque \u00e0 20 \u20ac\/mois.<\/strong><\/p>\n\n\n\n<p class=\"has-medium-font-size\"><br>Nous proposons <strong>un tarif unique pour tous<\/strong>, sans engagement, simple et transparent. Quelle que soit votre configuration \u2014 nombre de chambres, \u00e9tage, options\u2026 <strong>tout est inclus pour 20 \u20ac<\/strong> <strong>TTC<\/strong> : incendie, d\u00e9g\u00e2t des eaux, dommages \u00e9lectriques, bris de glace.<\/p>\n<\/div>\n<\/div>\n\n\n\n<p class=\"has-medium-font-size\"><strong>Notre offre est exclusivement destin\u00e9e aux assur\u00e9s n\u2019ayant d\u00e9clar\u00e9 aucun sinistre au cours des 12 derniers mois.<\/strong><\/p>\n\n\n\n<p><\/p>\n","protected":false},"excerpt":{"rendered":"<p>Souscrivez \u00e0 une assurance habitation tous risque \u00e0 20 \u20ac\/mois. Nous proposons un tarif unique pour tous, sans engagement, simple et transparent.<\/p>\n<p class=\"link-more\"><a class=\"myButt \" href=\"https:\/\/subventionmazri.fr\/index.php\/assurance-habitation\/\">Read More<\/a><\/p>\n","protected":false},"author":1,"featured_media":0,"parent":0,"menu_order":0,"comment_status":"closed","ping_status":"closed","template":"","meta":{"footnotes":""},"class_list":["post-1118","page","type-page","status-publish","hentry"],"_links":{"self":[{"href":"https:\/\/subventionmazri.fr\/index.php\/wp-json\/wp\/v2\/pages\/1118","targetHints":{"allow":["GET"]}}],"collection":[{"href":"https:\/\/subventionmazri.fr\/index.php\/wp-json\/wp\/v2\/pages"}],"about":[{"href":"https:\/\/subventionmazri.fr\/index.php\/wp-json\/wp\/v2\/types\/page"}],"author":[{"embeddable":true,"href":"https:\/\/subventionmazri.fr\/index.php\/wp-json\/wp\/v2\/users\/1"}],"replies":[{"embeddable":true,"href":"https:\/\/subventionmazri.fr\/index.php\/wp-json\/wp\/v2\/comments?post=1118"}],"version-history":[{"count":8,"href":"https:\/\/subventionmazri.fr\/index.php\/wp-json\/wp\/v2\/pages\/1118\/revisions"}],"predecessor-version":[{"id":1137,"href":"https:\/\/subventionmazri.fr\/index.php\/wp-json\/wp\/v2\/pages\/1118\/revisions\/1137"}],"wp:attachment":[{"href":"https:\/\/subventionmazri.fr\/index.php\/wp-json\/wp\/v2\/media?parent=1118"}],"curies":[{"name":"wp","href":"https:\/\/api.w.org\/{rel}","templated":true}]}}